{"id":6,"date":"2018-04-09T16:30:38","date_gmt":"2018-04-09T14:30:38","guid":{"rendered":"http:\/\/www.naturheilpraxis-larosa.de\/?page_id=6"},"modified":"2023-05-10T22:28:41","modified_gmt":"2023-05-10T20:28:41","slug":"kontakt","status":"publish","type":"page","link":"https:\/\/www.naturheilpraxis-larosa.de\/web\/kontakt\/","title":{"rendered":"Kontakt"},"content":{"rendered":"<p>Naturheilpraxis La Rosa<\/p>\n<p>Loredana Marullo<br \/>\nAm R\u00f6merhof 1<br \/>\n64521 Gro\u00df-Gerau<\/p>\n<p>Telefon: 06152\/ 95 65 75<br \/>\nE-mail:\u00a0\u00a0\u00a0\u00a0<a href=\"mailto:info@naturheilpraxis-larosa.de\">info@naturheilpraxis-larosa.de<br \/>\nInternet:\u00a0<\/a><a href=\"http:\/\/www.naturheilpraxis-larosa.de\/\" target=\"_blank\" rel=\"noopener\">www.naturheilpraxis-larosa.de<\/a><\/p>\n<p align=\"left\">Bitte vereinbaren Sie <b>telefonisch<\/b> einen <b>Termin<\/b> mit mir.<\/p>\n<p align=\"left\"><b> Wegbeschreibung:<\/b><\/p>\n<p>\u00dcber die Autobahn:<\/p>\n<ul>\n<li>\n<p align=\"left\">Ausfahrt B\u00fcttelborn A 67 ; rechts abbiegen Richtung<br \/>\nGro\u00df-Gerau<\/p>\n<\/li>\n<li>\n<p align=\"left\">Geradeaus nach Gro\u00df-Gerau reinfahren und an der 3. (4.) Ampel rechts in die Gernsheimer Stra\u00dfe abbiegen<\/p>\n<\/li>\n<li>\n<p align=\"left\">Nach der ersten Ampel (auf der Gernsheimer Stra\u00dfe) einige Meter weiter geradeaus fahren und dann links in die Stra\u00dfe \u201eAm R\u00f6merhof\u201c abbiegen (Spielstra\u00dfe).<\/p>\n<\/li>\n<li>\n<p align=\"left\">Die Praxis befindet gleich auf der rechten Seite in einem Eckhaus.<\/p>\n<\/li>\n<\/ul>\n<p align=\"left\"><b>\u00dcber die B 44 (z.B. R\u00fcsselsheim, M\u00f6r.-Walldorf):<\/b><\/p>\n<ul>\n<li>\n<p align=\"left\">B44 weiter geradeaus fahren bis zur gro\u00dfen Kreuzung; links auf die Gernsheimerstrasse<\/p>\n<\/li>\n<li>\n<p align=\"left\">Nach der ersten Ampel (auf der Gernsheimer Stra\u00dfe) einige Meter weiter geradeaus fahren und dann links in die Stra\u00dfe \u201eAm R\u00f6merhof\u201c abbiegen (Spielstra\u00dfe).<\/p>\n<\/li>\n<li>\n<p align=\"left\">Die Praxis befindet gleich auf der rechten Seite in einem Eckhaus.<\/p>\n<\/li>\n<\/ul>\n","protected":false},"excerpt":{"rendered":"<p>Naturheilpraxis La Rosa Loredana Marullo Am R\u00f6merhof 1 64521 Gro\u00df-Gerau Telefon: 06152\/ 95 65 75 E-mail:\u00a0\u00a0\u00a0\u00a0info@naturheilpraxis-larosa.de Internet:\u00a0www.naturheilpraxis-larosa.de Bitte vereinbaren Sie telefonisch einen Termin mit mir. Wegbeschreibung: \u00dcber die Autobahn: Ausfahrt B\u00fcttelborn A 67 ; rechts abbiegen Richtung Gro\u00df-Gerau Geradeaus nach Gro\u00df-Gerau reinfahren und an der 3. (4.) Ampel rechts in die Gernsheimer Stra\u00dfe abbiegen Nach [&hellip;]<\/p>\n","protected":false},"author":1,"featured_media":0,"parent":0,"menu_order":0,"comment_status":"closed","ping_status":"closed","template":"","meta":{"_crdt_document":"","site-sidebar-layout":"default","site-content-layout":"","ast-site-content-layout":"default","site-content-style":"default","site-sidebar-style":"default","ast-global-header-display":"","ast-banner-title-visibility":"","ast-main-header-display":"","ast-hfb-above-header-display":"","ast-hfb-below-header-display":"","ast-hfb-mobile-header-display":"","site-post-title":"","ast-breadcrumbs-content":"","ast-featured-img":"","footer-sml-layout":"","ast-disable-related-posts":"","theme-transparent-header-meta":"","adv-header-id-meta":"","stick-header-meta":"","header-above-stick-meta":"","header-main-stick-meta":"","header-below-stick-meta":"","astra-migrate-meta-layouts":"default","ast-page-background-enabled":"default","ast-page-background-meta":{"desktop":{"background-color":"var(--ast-global-color-4)","background-image":"","background-repeat":"repeat","background-position":"center center","background-size":"auto","background-attachment":"scroll","background-type":"","background-media":"","overlay-type":"","overlay-color":"","overlay-opacity":"","overlay-gradient":""},"tablet":{"background-color":"","background-image":"","background-repeat":"repeat","background-position":"center center","background-size":"auto","background-attachment":"scroll","background-type":"","background-media":"","overlay-type":"","overlay-color":"","overlay-opacity":"","overlay-gradient":""},"mobile":{"background-color":"","background-image":"","background-repeat":"repeat","background-position":"center center","background-size":"auto","background-attachment":"scroll","background-type":"","background-media":"","overlay-type":"","overlay-color":"","overlay-opacity":"","overlay-gradient":""}},"ast-content-background-meta":{"desktop":{"background-color":"var(--ast-global-color-5)","background-image":"","background-repeat":"repeat","background-position":"center center","background-size":"auto","background-attachment":"scroll","background-type":"","background-media":"","overlay-type":"","overlay-color":"","overlay-opacity":"","overlay-gradient":""},"tablet":{"background-color":"var(--ast-global-color-5)","background-image":"","background-repeat":"repeat","background-position":"center center","background-size":"auto","background-attachment":"scroll","background-type":"","background-media":"","overlay-type":"","overlay-color":"","overlay-opacity":"","overlay-gradient":""},"mobile":{"background-color":"var(--ast-global-color-5)","background-image":"","background-repeat":"repeat","background-position":"center center","background-size":"auto","background-attachment":"scroll","background-type":"","background-media":"","overlay-type":"","overlay-color":"","overlay-opacity":"","overlay-gradient":""}},"_kadence_starter_templates_imported_post":false,"footnotes":""},"class_list":["post-6","page","type-page","status-publish","hentry"],"_links":{"self":[{"href":"https:\/\/www.naturheilpraxis-larosa.de\/web\/wp-json\/wp\/v2\/pages\/6","targetHints":{"allow":["GET"]}}],"collection":[{"href":"https:\/\/www.naturheilpraxis-larosa.de\/web\/wp-json\/wp\/v2\/pages"}],"about":[{"href":"https:\/\/www.naturheilpraxis-larosa.de\/web\/wp-json\/wp\/v2\/types\/page"}],"author":[{"embeddable":true,"href":"https:\/\/www.naturheilpraxis-larosa.de\/web\/wp-json\/wp\/v2\/users\/1"}],"replies":[{"embeddable":true,"href":"https:\/\/www.naturheilpraxis-larosa.de\/web\/wp-json\/wp\/v2\/comments?post=6"}],"version-history":[{"count":7,"href":"https:\/\/www.naturheilpraxis-larosa.de\/web\/wp-json\/wp\/v2\/pages\/6\/revisions"}],"predecessor-version":[{"id":615,"href":"https:\/\/www.naturheilpraxis-larosa.de\/web\/wp-json\/wp\/v2\/pages\/6\/revisions\/615"}],"wp:attachment":[{"href":"https:\/\/www.naturheilpraxis-larosa.de\/web\/wp-json\/wp\/v2\/media?parent=6"}],"curies":[{"name":"wp","href":"https:\/\/api.w.org\/{rel}","templated":true}]}}