{"id":58,"date":"2018-04-09T17:16:42","date_gmt":"2018-04-09T15:16:42","guid":{"rendered":"http:\/\/www.naturheilpraxis-larosa.de\/web\/?page_id=58"},"modified":"2018-04-09T17:16:42","modified_gmt":"2018-04-09T15:16:42","slug":"gua-sha","status":"publish","type":"page","link":"https:\/\/www.naturheilpraxis-larosa.de\/web\/gua-sha\/","title":{"rendered":"Gua SHA"},"content":{"rendered":"<p align=\"left\">Die Gua SHA Methode habe ich w\u00e4hrend meines Praktikums in China gelernt. In der chinesischen Medizin versteht man unter Schmerzen, dass das Qi nicht frei flie\u00dfen kann.<\/p>\n<p>Die Gua SHA Methode reizt die Haut, das Bindegewebe und die Muskulatur. Diese Reizung kann zu einer L\u00f6sung der Stauung f\u00fchren. Das Qi kann wieder frei flie\u00dfen.<\/p>\n<p>Die Reizung entsteht indem die Haut mit einem Gegenstand ( mit abgerundete Kante ) mehrmals geschabt wird, bis eine deutliche Verf\u00e4rbung und Blutungen unter der Haut auftreten.<\/p>\n<p>Dieses wiederholte Schaben auf einge\u00f6lter Haut wird entlang der Muskeln oder der Meridiane in 5 bis 15 cm langen Z\u00fcgen bewegt. Dabei entsteht eine starke Durchblutung und Entgiftung.<\/p>\n<p><span style=\"font-size: small;\"><br \/>\nM\u00f6gliche Indikationen:<\/span><\/p>\n<ul>\n<li>\n<p align=\"left\"><span style=\"font-size: small;\">Erk\u00e4ltung, Fieber, Husten<\/span><\/p>\n<\/li>\n<li>\n<p align=\"left\"><span style=\"font-size: small;\">Stirnh\u00f6hlenentz\u00fcndung<\/span><\/p>\n<\/li>\n<li>\n<p align=\"left\"><span style=\"font-size: small;\">Muskelverspannungen und Steifheit<\/span><\/p>\n<\/li>\n<li>\n<p align=\"left\"><span style=\"font-size: small;\">Schmerzen, Fibromyalgie<\/span><\/p>\n<\/li>\n<li>\n<p align=\"left\"><span style=\"font-size: small;\">Kopfschmerzen, Migr\u00e4ne<\/span><\/p>\n<\/li>\n<li>\n<p align=\"left\">Narbenst\u00f6rungen, u.a.<span style=\"font-size: small;\"><br \/>\n<\/span><\/p>\n<\/li>\n<\/ul>\n","protected":false},"excerpt":{"rendered":"<p>Die Gua SHA Methode habe ich w\u00e4hrend meines Praktikums in China gelernt. In der chinesischen Medizin versteht man unter Schmerzen, dass das Qi nicht frei flie\u00dfen kann. Die Gua SHA Methode reizt die Haut, das Bindegewebe und die Muskulatur. Diese Reizung kann zu einer L\u00f6sung der Stauung f\u00fchren. Das Qi kann wieder frei flie\u00dfen. Die [&hellip;]<\/p>\n","protected":false},"author":1,"featured_media":0,"parent":0,"menu_order":0,"comment_status":"closed","ping_status":"closed","template":"","meta":{"_crdt_document":"","site-sidebar-layout":"default","site-content-layout":"","ast-site-content-layout":"default","site-content-style":"default","site-sidebar-style":"default","ast-global-header-display":"","ast-banner-title-visibility":"","ast-main-header-display":"","ast-hfb-above-header-display":"","ast-hfb-below-header-display":"","ast-hfb-mobile-header-display":"","site-post-title":"","ast-breadcrumbs-content":"","ast-featured-img":"","footer-sml-layout":"","ast-disable-related-posts":"","theme-transparent-header-meta":"","adv-header-id-meta":"","stick-header-meta":"","header-above-stick-meta":"","header-main-stick-meta":"","header-below-stick-meta":"","astra-migrate-meta-layouts":"default","ast-page-background-enabled":"default","ast-page-background-meta":{"desktop":{"background-color":"var(--ast-global-color-4)","background-image":"","background-repeat":"repeat","background-position":"center center","background-size":"auto","background-attachment":"scroll","background-type":"","background-media":"","overlay-type":"","overlay-color":"","overlay-opacity":"","overlay-gradient":""},"tablet":{"background-color":"","background-image":"","background-repeat":"repeat","background-position":"center center","background-size":"auto","background-attachment":"scroll","background-type":"","background-media":"","overlay-type":"","overlay-color":"","overlay-opacity":"","overlay-gradient":""},"mobile":{"background-color":"","background-image":"","background-repeat":"repeat","background-position":"center center","background-size":"auto","background-attachment":"scroll","background-type":"","background-media":"","overlay-type":"","overlay-color":"","overlay-opacity":"","overlay-gradient":""}},"ast-content-background-meta":{"desktop":{"background-color":"var(--ast-global-color-5)","background-image":"","background-repeat":"repeat","background-position":"center center","background-size":"auto","background-attachment":"scroll","background-type":"","background-media":"","overlay-type":"","overlay-color":"","overlay-opacity":"","overlay-gradient":""},"tablet":{"background-color":"var(--ast-global-color-5)","background-image":"","background-repeat":"repeat","background-position":"center center","background-size":"auto","background-attachment":"scroll","background-type":"","background-media":"","overlay-type":"","overlay-color":"","overlay-opacity":"","overlay-gradient":""},"mobile":{"background-color":"var(--ast-global-color-5)","background-image":"","background-repeat":"repeat","background-position":"center center","background-size":"auto","background-attachment":"scroll","background-type":"","background-media":"","overlay-type":"","overlay-color":"","overlay-opacity":"","overlay-gradient":""}},"_kadence_starter_templates_imported_post":false,"footnotes":""},"class_list":["post-58","page","type-page","status-publish","hentry"],"_links":{"self":[{"href":"https:\/\/www.naturheilpraxis-larosa.de\/web\/wp-json\/wp\/v2\/pages\/58","targetHints":{"allow":["GET"]}}],"collection":[{"href":"https:\/\/www.naturheilpraxis-larosa.de\/web\/wp-json\/wp\/v2\/pages"}],"about":[{"href":"https:\/\/www.naturheilpraxis-larosa.de\/web\/wp-json\/wp\/v2\/types\/page"}],"author":[{"embeddable":true,"href":"https:\/\/www.naturheilpraxis-larosa.de\/web\/wp-json\/wp\/v2\/users\/1"}],"replies":[{"embeddable":true,"href":"https:\/\/www.naturheilpraxis-larosa.de\/web\/wp-json\/wp\/v2\/comments?post=58"}],"version-history":[{"count":1,"href":"https:\/\/www.naturheilpraxis-larosa.de\/web\/wp-json\/wp\/v2\/pages\/58\/revisions"}],"predecessor-version":[{"id":59,"href":"https:\/\/www.naturheilpraxis-larosa.de\/web\/wp-json\/wp\/v2\/pages\/58\/revisions\/59"}],"wp:attachment":[{"href":"https:\/\/www.naturheilpraxis-larosa.de\/web\/wp-json\/wp\/v2\/media?parent=58"}],"curies":[{"name":"wp","href":"https:\/\/api.w.org\/{rel}","templated":true}]}}