{"id":537,"date":"2023-02-11T22:59:19","date_gmt":"2023-02-11T21:59:19","guid":{"rendered":"https:\/\/www.naturheilpraxis-larosa.de\/web\/?page_id=537"},"modified":"2023-02-12T10:50:21","modified_gmt":"2023-02-12T09:50:21","slug":"neurostrukturelle-integrationstechnik-nst-2-2-2-2-2-2-2-2","status":"publish","type":"page","link":"https:\/\/www.naturheilpraxis-larosa.de\/web\/neurostrukturelle-integrationstechnik-nst-2-2-2-2-2-2-2-2\/","title":{"rendered":"Fu\u00dfreflexzonentherapie_neu"},"content":{"rendered":"\n<div style=\"height:25px\" aria-hidden=\"true\" class=\"wp-block-spacer\"><\/div>\n\n\n\n<p class=\"has-medium-font-size wp-block-paragraph\">Fu\u00dfreflexzonentherapie<\/p>\n\n\n\n<div style=\"height:40px\" aria-hidden=\"true\" class=\"wp-block-spacer\"><\/div>\n\n\n<style>#kt-layout-id_224cc3-6d > .kt-row-column-wrap{align-content:start;}:where(#kt-layout-id_224cc3-6d > .kt-row-column-wrap) > .wp-block-kadence-column{justify-content:start;}#kt-layout-id_224cc3-6d > .kt-row-column-wrap{column-gap:var(--global-kb-gap-md, 2rem);row-gap:var(--global-kb-gap-md, 2rem);padding-top:var( --global-kb-row-default-top, 25px );padding-bottom:var( --global-kb-row-default-bottom, 25px );padding-top:var(--global-kb-spacing-sm, 1.5rem);padding-bottom:var(--global-kb-spacing-sm, 1.5rem);grid-template-columns:minmax(0, 1fr);}#kt-layout-id_224cc3-6d{background-image:url('https:\/\/www.naturheilpraxis-larosa.de\/wp-content\/uploads\/2023\/02\/HomepageBanner.jpg');background-size:cover;background-position:55.00000000000001% 64%;background-attachment:fixed;background-repeat:no-repeat;}#kt-layout-id_224cc3-6d > .kt-row-layout-overlay{opacity:0.30;}@media all and (max-width: 1024px), only screen and (min-device-width: 1024px) and (max-device-width: 1366px) and (-webkit-min-device-pixel-ratio: 2) and (hover: none){#kt-layout-id_224cc3-6d{background-attachment:scroll;}}@media all and (max-width: 1024px){#kt-layout-id_224cc3-6d > .kt-row-column-wrap{grid-template-columns:minmax(0, 1fr);}}@media all and (max-width: 767px){#kt-layout-id_224cc3-6d > .kt-row-column-wrap{grid-template-columns:minmax(0, 1fr);}}<\/style>\n<div class=\"wp-block-kadence-rowlayout alignnone\"><div id=\"kt-layout-id_224cc3-6d\" class=\"kt-row-layout-inner kt-row-has-bg kt-layout-id_224cc3-6d kt-jarallax\"><div class=\"kt-row-column-wrap kt-has-1-columns kt-gutter-default kt-v-gutter-default kt-row-valign-top kt-row-layout-equal kt-tab-layout-inherit kt-m-colapse-left-to-right kt-mobile-layout-row\"><style>.kadence-column_6b216d-12 > .kt-inside-inner-col{padding-top:20px;padding-bottom:20px;padding-left:20px;padding-right:20px;}.kadence-column_6b216d-12 > .kt-inside-inner-col{border-top-width:0px;border-right-width:0px;border-bottom-width:0px;border-left-width:0px;}.kadence-column_6b216d-12 > .kt-inside-inner-col,.kadence-column_6b216d-12 > .kt-inside-inner-col:before{border-top-left-radius:0px;border-top-right-radius:0px;border-bottom-right-radius:0px;border-bottom-left-radius:0px;}.kadence-column_6b216d-12 > .kt-inside-inner-col{column-gap:var(--global-kb-gap-sm, 1rem);}.kadence-column_6b216d-12 > .kt-inside-inner-col{flex-direction:column;}.kadence-column_6b216d-12 > .kt-inside-inner-col > .aligncenter{width:100%;}.kadence-column_6b216d-12 > .kt-inside-inner-col{background-color:rgba(255, 255, 255, 0.67);}.kadence-column_6b216d-12 > .kt-inside-inner-col:before{opacity:0.3;}.kadence-column_6b216d-12{position:relative;}@media all and (max-width: 1024px){.kadence-column_6b216d-12 > .kt-inside-inner-col{flex-direction:column;justify-content:center;}}@media all and (max-width: 767px){.kadence-column_6b216d-12 > .kt-inside-inner-col{flex-direction:column;justify-content:center;}}<\/style>\n<div class=\"wp-block-kadence-column inner-column-1 kadence-column_6b216d-12\"><div class=\"kt-inside-inner-col\">\n<p class=\"wp-block-paragraph\"><strong>Die Reflexzonentherapie am Fu\u00df (RZF) ist eine seit vielen tausenden von Jahren bekannte Behandlungsm\u00f6glichkeit. Sie verbessert gest\u00f6rte Organ- und Gewebefunktionen und aktiviert die Selbstheilungskr\u00e4fte. Dabei werden bestimmte Zonen, wie z.B. die Magenzone, mit gezielten Handgriffen behandelt.<\/strong><\/p>\n\n\n\n<p class=\"wp-block-paragraph\"><strong>Die geschichtliche Entwicklung:<\/strong><\/p>\n\n\n\n<ul class=\"wp-block-list\">\n<li><strong>Die Kulturv\u00f6lker des Ostens und Westens kannten schon vor Jahrtausenden verschiedene M\u00f6glichkeiten, Krankheiten von entfernteren K\u00f6rperstellen aus zu behandeln. Die Wirkung<br>spezieller Fu\u00dfpunkte auf den gesamten Organismus, war auch der Urbev\u00f6lkerung Nord- und Mittelamerikas bewusst und vertraut.&nbsp;<\/strong><\/li>\n\n\n\n<li><strong>Ca. 1912 interessierte und erforschte ein amerikanischer Arzt, Dr. William Fitzgerald, die Zonen am Fu\u00df und deren Auswirkungen. Durch jahrelange Beobachtungen, konnte er<br>nachweisen, dass am K\u00f6rper 10 L\u00e4ngszonen eingeteilt werden und deren angeordneten Organe, Gewebe und Systeme in der gleichen K\u00f6rperzone am Fu\u00df, als Mikrosystem verkleinert wieder zu finden ist. Es entspricht den Organen, dem Gewebe und den Systemen und ist somit therapierbar.&nbsp;<\/strong><\/li>\n\n\n\n<li><strong>Die Fu\u00dfreflexzonentherapie stammt aus den USA, wo sie in den drei\u00dfiger Jahren durch die Masseurin Eunice Ingham weiter entwickelt und verbreitet wurde. So begann Sie das<br>vorhandene Grundwissen an gesundheitsbewusste Menschen weiterzugeben.&nbsp;<\/strong><\/li>\n\n\n\n<li><strong>Auf diesen Grundlagen der Fu\u00dfreflexzonentherapie entwickelte Hanne Marquardt seit 1958 zuerst in ihrer eigenen Praxis, sp\u00e4ter in einer Lehrst\u00e4tte die Methode als anerkannte Therapie stetig weiter.<\/strong><\/li>\n<\/ul>\n\n\n\n<p class=\"wp-block-paragraph\"><strong>Die RZF nimmt heute einen gleichwertigen Platz neben anderen Anwendungen aus der physikalischen Therapie ein und wird in Kliniken, Praxen und Sanatorien angewandt.<\/strong><\/p>\n\n\n\n<p class=\"wp-block-paragraph\"><strong>Durch eine Fu\u00dfreflexzonentherapie entspannen Sie, Ihre Selbstheilungskr\u00e4fte werden aktiviert. Die RZF stimuliert&nbsp; die Funktionen von Organen und Dr\u00fcsen und schenkt Ihnen umfassendes Wohlbefinden.<\/strong><\/p>\n<\/div><\/div>\n<\/div><\/div><\/div>\n","protected":false},"excerpt":{"rendered":"<p>Fu\u00dfreflexzonentherapie Die Reflexzonentherapie am Fu\u00df (RZF) ist eine seit vielen tausenden von Jahren bekannte Behandlungsm\u00f6glichkeit. Sie verbessert gest\u00f6rte Organ- und Gewebefunktionen und aktiviert die Selbstheilungskr\u00e4fte. Dabei werden bestimmte Zonen, wie z.B. die Magenzone, mit gezielten Handgriffen behandelt. Die geschichtliche Entwicklung: Die RZF nimmt heute einen gleichwertigen Platz neben anderen Anwendungen aus der physikalischen Therapie ein [&hellip;]<\/p>\n","protected":false},"author":4,"featured_media":0,"parent":0,"menu_order":0,"comment_status":"closed","ping_status":"closed","template":"","meta":{"_crdt_document":"","site-sidebar-layout":"default","site-content-layout":"","ast-site-content-layout":"default","site-content-style":"default","site-sidebar-style":"default","ast-global-header-display":"","ast-banner-title-visibility":"","ast-main-header-display":"","ast-hfb-above-header-display":"","ast-hfb-below-header-display":"","ast-hfb-mobile-header-display":"","site-post-title":"disabled","ast-breadcrumbs-content":"","ast-featured-img":"","footer-sml-layout":"","ast-disable-related-posts":"","theme-transparent-header-meta":"","adv-header-id-meta":"","stick-header-meta":"","header-above-stick-meta":"","header-main-stick-meta":"","header-below-stick-meta":"","astra-migrate-meta-layouts":"default","ast-page-background-enabled":"default","ast-page-background-meta":{"desktop":{"background-color":"var(--ast-global-color-4)","background-image":"","background-repeat":"repeat","background-position":"center center","background-size":"auto","background-attachment":"scroll","background-type":"","background-media":"","overlay-type":"","overlay-color":"","overlay-opacity":"","overlay-gradient":""},"tablet":{"background-color":"","background-image":"","background-repeat":"repeat","background-position":"center center","background-size":"auto","background-attachment":"scroll","background-type":"","background-media":"","overlay-type":"","overlay-color":"","overlay-opacity":"","overlay-gradient":""},"mobile":{"background-color":"","background-image":"","background-repeat":"repeat","background-position":"center center","background-size":"auto","background-attachment":"scroll","background-type":"","background-media":"","overlay-type":"","overlay-color":"","overlay-opacity":"","overlay-gradient":""}},"ast-content-background-meta":{"desktop":{"background-color":"var(--ast-global-color-5)","background-image":"","background-repeat":"repeat","background-position":"center center","background-size":"auto","background-attachment":"scroll","background-type":"","background-media":"","overlay-type":"","overlay-color":"","overlay-opacity":"","overlay-gradient":""},"tablet":{"background-color":"var(--ast-global-color-5)","background-image":"","background-repeat":"repeat","background-position":"center center","background-size":"auto","background-attachment":"scroll","background-type":"","background-media":"","overlay-type":"","overlay-color":"","overlay-opacity":"","overlay-gradient":""},"mobile":{"background-color":"var(--ast-global-color-5)","background-image":"","background-repeat":"repeat","background-position":"center center","background-size":"auto","background-attachment":"scroll","background-type":"","background-media":"","overlay-type":"","overlay-color":"","overlay-opacity":"","overlay-gradient":""}},"_kadence_starter_templates_imported_post":false,"footnotes":""},"class_list":["post-537","page","type-page","status-publish","hentry"],"_links":{"self":[{"href":"https:\/\/www.naturheilpraxis-larosa.de\/web\/wp-json\/wp\/v2\/pages\/537","targetHints":{"allow":["GET"]}}],"collection":[{"href":"https:\/\/www.naturheilpraxis-larosa.de\/web\/wp-json\/wp\/v2\/pages"}],"about":[{"href":"https:\/\/www.naturheilpraxis-larosa.de\/web\/wp-json\/wp\/v2\/types\/page"}],"author":[{"embeddable":true,"href":"https:\/\/www.naturheilpraxis-larosa.de\/web\/wp-json\/wp\/v2\/users\/4"}],"replies":[{"embeddable":true,"href":"https:\/\/www.naturheilpraxis-larosa.de\/web\/wp-json\/wp\/v2\/comments?post=537"}],"version-history":[{"count":3,"href":"https:\/\/www.naturheilpraxis-larosa.de\/web\/wp-json\/wp\/v2\/pages\/537\/revisions"}],"predecessor-version":[{"id":604,"href":"https:\/\/www.naturheilpraxis-larosa.de\/web\/wp-json\/wp\/v2\/pages\/537\/revisions\/604"}],"wp:attachment":[{"href":"https:\/\/www.naturheilpraxis-larosa.de\/web\/wp-json\/wp\/v2\/media?parent=537"}],"curies":[{"name":"wp","href":"https:\/\/api.w.org\/{rel}","templated":true}]}}