{"id":52,"date":"2018-04-09T17:13:59","date_gmt":"2018-04-09T15:13:59","guid":{"rendered":"http:\/\/www.naturheilpraxis-larosa.de\/web\/?page_id=52"},"modified":"2018-04-09T17:13:59","modified_gmt":"2018-04-09T15:13:59","slug":"pneumatische-pulsationstherapie-nach-deny","status":"publish","type":"page","link":"https:\/\/www.naturheilpraxis-larosa.de\/web\/pneumatische-pulsationstherapie-nach-deny\/","title":{"rendered":"Pneumatische Pulsationstherapie nach DENY"},"content":{"rendered":"<p><b>Pneumatische Pulsationstherapie nach DENY<br \/>\n<\/b><br \/>\nDie Pneumatische Pulsationstherapie ist eine Art des Schr\u00f6pfens oder aber auch Saugmassage, in der durch pulsierende Wechselwirkung von Unterdruck und atmosph\u00e4rischem Druck das Gewebe in Schwingung gebracht wird.<\/p>\n<p>Diese pulsierenden Unterdruckwellen haben eine Wiederholungsfrequenz von ca. 200 Pulsationen pro Minute, die eine Wechselwirkung zwischen Sog und Entspannung erzeugen.<br \/>\nDadurch wird die Flie\u00dfgeschwindigkeit von Blut und Lymphe angeregt.<\/p>\n<p>Auf diese Weise kann sich die Blutzirkulation und Sauerstoffversorgung verbessern, die Entgiftung- und Entschlackungsvorg\u00e4nge werden angeregt, das vegetative Nervensystem entspannt und beruhigt sich, der Stoffwechsel wird angeregt und muskul\u00e4re Verspannungen k\u00f6nnen gel\u00f6st werden.<\/p>\n","protected":false},"excerpt":{"rendered":"<p>Pneumatische Pulsationstherapie nach DENY Die Pneumatische Pulsationstherapie ist eine Art des Schr\u00f6pfens oder aber auch Saugmassage, in der durch pulsierende Wechselwirkung von Unterdruck und atmosph\u00e4rischem Druck das Gewebe in Schwingung gebracht wird. Diese pulsierenden Unterdruckwellen haben eine Wiederholungsfrequenz von ca. 200 Pulsationen pro Minute, die eine Wechselwirkung zwischen Sog und Entspannung erzeugen. Dadurch wird die [&hellip;]<\/p>\n","protected":false},"author":1,"featured_media":0,"parent":0,"menu_order":0,"comment_status":"closed","ping_status":"closed","template":"","meta":{"_crdt_document":"","site-sidebar-layout":"default","site-content-layout":"","ast-site-content-layout":"default","site-content-style":"default","site-sidebar-style":"default","ast-global-header-display":"","ast-banner-title-visibility":"","ast-main-header-display":"","ast-hfb-above-header-display":"","ast-hfb-below-header-display":"","ast-hfb-mobile-header-display":"","site-post-title":"","ast-breadcrumbs-content":"","ast-featured-img":"","footer-sml-layout":"","ast-disable-related-posts":"","theme-transparent-header-meta":"","adv-header-id-meta":"","stick-header-meta":"","header-above-stick-meta":"","header-main-stick-meta":"","header-below-stick-meta":"","astra-migrate-meta-layouts":"default","ast-page-background-enabled":"default","ast-page-background-meta":{"desktop":{"background-color":"var(--ast-global-color-4)","background-image":"","background-repeat":"repeat","background-position":"center center","background-size":"auto","background-attachment":"scroll","background-type":"","background-media":"","overlay-type":"","overlay-color":"","overlay-opacity":"","overlay-gradient":""},"tablet":{"background-color":"","background-image":"","background-repeat":"repeat","background-position":"center center","background-size":"auto","background-attachment":"scroll","background-type":"","background-media":"","overlay-type":"","overlay-color":"","overlay-opacity":"","overlay-gradient":""},"mobile":{"background-color":"","background-image":"","background-repeat":"repeat","background-position":"center center","background-size":"auto","background-attachment":"scroll","background-type":"","background-media":"","overlay-type":"","overlay-color":"","overlay-opacity":"","overlay-gradient":""}},"ast-content-background-meta":{"desktop":{"background-color":"var(--ast-global-color-5)","background-image":"","background-repeat":"repeat","background-position":"center center","background-size":"auto","background-attachment":"scroll","background-type":"","background-media":"","overlay-type":"","overlay-color":"","overlay-opacity":"","overlay-gradient":""},"tablet":{"background-color":"var(--ast-global-color-5)","background-image":"","background-repeat":"repeat","background-position":"center center","background-size":"auto","background-attachment":"scroll","background-type":"","background-media":"","overlay-type":"","overlay-color":"","overlay-opacity":"","overlay-gradient":""},"mobile":{"background-color":"var(--ast-global-color-5)","background-image":"","background-repeat":"repeat","background-position":"center center","background-size":"auto","background-attachment":"scroll","background-type":"","background-media":"","overlay-type":"","overlay-color":"","overlay-opacity":"","overlay-gradient":""}},"_kadence_starter_templates_imported_post":false,"footnotes":""},"class_list":["post-52","page","type-page","status-publish","hentry"],"_links":{"self":[{"href":"https:\/\/www.naturheilpraxis-larosa.de\/web\/wp-json\/wp\/v2\/pages\/52","targetHints":{"allow":["GET"]}}],"collection":[{"href":"https:\/\/www.naturheilpraxis-larosa.de\/web\/wp-json\/wp\/v2\/pages"}],"about":[{"href":"https:\/\/www.naturheilpraxis-larosa.de\/web\/wp-json\/wp\/v2\/types\/page"}],"author":[{"embeddable":true,"href":"https:\/\/www.naturheilpraxis-larosa.de\/web\/wp-json\/wp\/v2\/users\/1"}],"replies":[{"embeddable":true,"href":"https:\/\/www.naturheilpraxis-larosa.de\/web\/wp-json\/wp\/v2\/comments?post=52"}],"version-history":[{"count":1,"href":"https:\/\/www.naturheilpraxis-larosa.de\/web\/wp-json\/wp\/v2\/pages\/52\/revisions"}],"predecessor-version":[{"id":53,"href":"https:\/\/www.naturheilpraxis-larosa.de\/web\/wp-json\/wp\/v2\/pages\/52\/revisions\/53"}],"wp:attachment":[{"href":"https:\/\/www.naturheilpraxis-larosa.de\/web\/wp-json\/wp\/v2\/media?parent=52"}],"curies":[{"name":"wp","href":"https:\/\/api.w.org\/{rel}","templated":true}]}}