{"id":515,"date":"2023-02-12T10:48:14","date_gmt":"2023-02-12T09:48:14","guid":{"rendered":"https:\/\/www.naturheilpraxis-larosa.de\/web\/?page_id=515"},"modified":"2023-02-12T10:48:14","modified_gmt":"2023-02-12T09:48:14","slug":"neurostrukturelle-integrationstechnik-nst-2-2-2-2","status":"publish","type":"page","link":"https:\/\/www.naturheilpraxis-larosa.de\/web\/neurostrukturelle-integrationstechnik-nst-2-2-2-2\/","title":{"rendered":"Kieferbalance_neu #2"},"content":{"rendered":"\n<p class=\"has-medium-font-size wp-block-paragraph\">Kieferbalance<\/p>\n\n\n\n<div style=\"height:40px\" aria-hidden=\"true\" class=\"wp-block-spacer\"><\/div>\n\n\n<style>#kt-layout-id_224cc3-6d > .kt-row-column-wrap{align-content:start;}:where(#kt-layout-id_224cc3-6d > .kt-row-column-wrap) > .wp-block-kadence-column{justify-content:start;}#kt-layout-id_224cc3-6d > .kt-row-column-wrap{column-gap:var(--global-kb-gap-md, 2rem);row-gap:var(--global-kb-gap-md, 2rem);padding-top:var( --global-kb-row-default-top, 25px );padding-bottom:var( --global-kb-row-default-bottom, 25px );padding-top:var(--global-kb-spacing-sm, 1.5rem);padding-bottom:var(--global-kb-spacing-sm, 1.5rem);grid-template-columns:minmax(0, 1fr);}#kt-layout-id_224cc3-6d{background-image:url('https:\/\/www.naturheilpraxis-larosa.de\/wp-content\/uploads\/2023\/02\/HomepageBanner.jpg');background-size:cover;background-position:55.00000000000001% 64%;background-attachment:fixed;background-repeat:no-repeat;}#kt-layout-id_224cc3-6d > .kt-row-layout-overlay{opacity:0.30;}@media all and (max-width: 1024px), only screen and (min-device-width: 1024px) and (max-device-width: 1366px) and (-webkit-min-device-pixel-ratio: 2) and (hover: none){#kt-layout-id_224cc3-6d{background-attachment:scroll;}}@media all and (max-width: 1024px){#kt-layout-id_224cc3-6d > .kt-row-column-wrap{grid-template-columns:minmax(0, 1fr);}}@media all and (max-width: 767px){#kt-layout-id_224cc3-6d > .kt-row-column-wrap{grid-template-columns:minmax(0, 1fr);}}<\/style>\n<div class=\"wp-block-kadence-rowlayout alignnone\"><div id=\"kt-layout-id_224cc3-6d\" class=\"kt-row-layout-inner kt-row-has-bg kt-layout-id_224cc3-6d kt-jarallax\"><div class=\"kt-row-column-wrap kt-has-1-columns kt-gutter-default kt-v-gutter-default kt-row-valign-top kt-row-layout-equal kt-tab-layout-inherit kt-m-colapse-left-to-right kt-mobile-layout-row\"><style>.kadence-column_6b216d-12 > .kt-inside-inner-col{padding-top:20px;padding-bottom:20px;padding-left:20px;padding-right:20px;}.kadence-column_6b216d-12 > .kt-inside-inner-col{border-top-width:0px;border-right-width:0px;border-bottom-width:0px;border-left-width:0px;}.kadence-column_6b216d-12 > .kt-inside-inner-col,.kadence-column_6b216d-12 > .kt-inside-inner-col:before{border-top-left-radius:0px;border-top-right-radius:0px;border-bottom-right-radius:0px;border-bottom-left-radius:0px;}.kadence-column_6b216d-12 > .kt-inside-inner-col{column-gap:var(--global-kb-gap-sm, 1rem);}.kadence-column_6b216d-12 > .kt-inside-inner-col{flex-direction:column;}.kadence-column_6b216d-12 > .kt-inside-inner-col > .aligncenter{width:100%;}.kadence-column_6b216d-12 > .kt-inside-inner-col{background-color:rgba(255, 255, 255, 0.67);}.kadence-column_6b216d-12 > .kt-inside-inner-col:before{opacity:0.3;}.kadence-column_6b216d-12{position:relative;}@media all and (max-width: 1024px){.kadence-column_6b216d-12 > .kt-inside-inner-col{flex-direction:column;justify-content:center;}}@media all and (max-width: 767px){.kadence-column_6b216d-12 > .kt-inside-inner-col{flex-direction:column;justify-content:center;}}<\/style>\n<div class=\"wp-block-kadence-column inner-column-1 kadence-column_6b216d-12\"><div class=\"kt-inside-inner-col\">\n<p class=\"wp-block-paragraph\"><strong>Ein verspanntes Kiefergelenk bringt Probleme und Beschwerden im gesamten Organismus. K\u00f6rperlich sowie geistig und emotional.<\/strong><\/p>\n\n\n\n<p class=\"wp-block-paragraph\"><strong>Warum verspannt sich ein Kiefergelenk?<\/strong><\/p>\n\n\n\n<p class=\"wp-block-paragraph\"><strong>Bei zu viel Stress und Anspannung, der tags\u00fcber nicht verarbeitet werden kann, versucht der K\u00f6rper nachts, w\u00e4hrend wir schlafen, vieles zu verarbeiten. Dies hat zur Folge, dass wir die Z\u00e4hne<\/strong><\/p>\n\n\n\n<p class=\"wp-block-paragraph\"><strong>zusammen bei\u00dfen.Das Heimt\u00fcckische am verspannten Kiefergelenk ist, dass es am Anfang nicht schmerzt. Der Schmerz erfolgt erst im fortgeschrittenen Stadium (Kiefergelenkarthrose). M\u00f6gliche Symptome bei Blockaden im Kiefergelenk k\u00f6nnen Sie unter der Neurostrukturellen Integrationstechnik ersehen.Die Kiefergelenk-Entspannungs-Technik die ich Ihnen anbiete, habe ich aus dem Wissen der Akupunkturlehre, Kinesiologie, eine spezielle Technik f\u00fcr ein entspanntes Kiefergelenk und Reiki<\/strong><\/p>\n\n\n\n<p class=\"wp-block-paragraph\"><strong>zusammengestellt. Sie ist eine energetische Unterst\u00fctzung f\u00fcr das Kiefergelenk, die Sie als Hilfe zur Selbsthilfe erlernen k\u00f6nnen. F\u00fcr eine k\u00f6rperliche Beschwerdefreiheit (wie z.B. R\u00fcckenschmerzen),<\/strong><\/p>\n\n\n\n<p class=\"wp-block-paragraph\"><strong>reicht oft die Kieferbalance nicht aus, sondern bietet hier nur eine Unterst\u00fctzung. H\u00e4ufig ist eine Kombination mit anderen Therapieverfahren sinnvoll.<\/strong><\/p>\n\n\n\n<p class=\"wp-block-paragraph\"><strong>M\u00f6gliche Therapien zum Kombinieren:<\/strong><\/p>\n\n\n\n<ul class=\"wp-block-list\">\n<li><strong>Akupunktur<\/strong><\/li>\n\n\n\n<li><strong>Gua Sha<\/strong><\/li>\n\n\n\n<li><strong>NST<\/strong><\/li>\n\n\n\n<li><strong>Kinesiologie<\/strong><\/li>\n\n\n\n<li><strong>l\u00f6sungsorientierte Hypnotherapie<\/strong><\/li>\n\n\n\n<li><strong>Aufbi\u00dfschiene (Zahnarzt)<\/strong><\/li>\n\n\n\n<li><strong>Wichtig: vor dem Abdruck beim Zahnarzt m\u00fcssen Kiefergelenk und Becken gerade sein<\/strong><\/li>\n<\/ul>\n<\/div><\/div>\n<\/div><\/div><\/div>\n","protected":false},"excerpt":{"rendered":"<p>Kieferbalance Ein verspanntes Kiefergelenk bringt Probleme und Beschwerden im gesamten Organismus. K\u00f6rperlich sowie geistig und emotional. Warum verspannt sich ein Kiefergelenk? Bei zu viel Stress und Anspannung, der tags\u00fcber nicht verarbeitet werden kann, versucht der K\u00f6rper nachts, w\u00e4hrend wir schlafen, vieles zu verarbeiten. Dies hat zur Folge, dass wir die Z\u00e4hne zusammen bei\u00dfen.Das Heimt\u00fcckische am [&hellip;]<\/p>\n","protected":false},"author":4,"featured_media":0,"parent":0,"menu_order":0,"comment_status":"closed","ping_status":"closed","template":"","meta":{"_crdt_document":"","site-sidebar-layout":"default","site-content-layout":"","ast-site-content-layout":"default","site-content-style":"default","site-sidebar-style":"default","ast-global-header-display":"","ast-banner-title-visibility":"","ast-main-header-display":"","ast-hfb-above-header-display":"","ast-hfb-below-header-display":"","ast-hfb-mobile-header-display":"","site-post-title":"disabled","ast-breadcrumbs-content":"","ast-featured-img":"","footer-sml-layout":"","ast-disable-related-posts":"","theme-transparent-header-meta":"","adv-header-id-meta":"","stick-header-meta":"","header-above-stick-meta":"","header-main-stick-meta":"","header-below-stick-meta":"","astra-migrate-meta-layouts":"default","ast-page-background-enabled":"default","ast-page-background-meta":{"desktop":{"background-color":"var(--ast-global-color-4)","background-image":"","background-repeat":"repeat","background-position":"center center","background-size":"auto","background-attachment":"scroll","background-type":"","background-media":"","overlay-type":"","overlay-color":"","overlay-opacity":"","overlay-gradient":""},"tablet":{"background-color":"","background-image":"","background-repeat":"repeat","background-position":"center center","background-size":"auto","background-attachment":"scroll","background-type":"","background-media":"","overlay-type":"","overlay-color":"","overlay-opacity":"","overlay-gradient":""},"mobile":{"background-color":"","background-image":"","background-repeat":"repeat","background-position":"center center","background-size":"auto","background-attachment":"scroll","background-type":"","background-media":"","overlay-type":"","overlay-color":"","overlay-opacity":"","overlay-gradient":""}},"ast-content-background-meta":{"desktop":{"background-color":"var(--ast-global-color-5)","background-image":"","background-repeat":"repeat","background-position":"center center","background-size":"auto","background-attachment":"scroll","background-type":"","background-media":"","overlay-type":"","overlay-color":"","overlay-opacity":"","overlay-gradient":""},"tablet":{"background-color":"var(--ast-global-color-5)","background-image":"","background-repeat":"repeat","background-position":"center center","background-size":"auto","background-attachment":"scroll","background-type":"","background-media":"","overlay-type":"","overlay-color":"","overlay-opacity":"","overlay-gradient":""},"mobile":{"background-color":"var(--ast-global-color-5)","background-image":"","background-repeat":"repeat","background-position":"center center","background-size":"auto","background-attachment":"scroll","background-type":"","background-media":"","overlay-type":"","overlay-color":"","overlay-opacity":"","overlay-gradient":""}},"_kadence_starter_templates_imported_post":false,"footnotes":""},"class_list":["post-515","page","type-page","status-publish","hentry"],"_links":{"self":[{"href":"https:\/\/www.naturheilpraxis-larosa.de\/web\/wp-json\/wp\/v2\/pages\/515","targetHints":{"allow":["GET"]}}],"collection":[{"href":"https:\/\/www.naturheilpraxis-larosa.de\/web\/wp-json\/wp\/v2\/pages"}],"about":[{"href":"https:\/\/www.naturheilpraxis-larosa.de\/web\/wp-json\/wp\/v2\/types\/page"}],"author":[{"embeddable":true,"href":"https:\/\/www.naturheilpraxis-larosa.de\/web\/wp-json\/wp\/v2\/users\/4"}],"replies":[{"embeddable":true,"href":"https:\/\/www.naturheilpraxis-larosa.de\/web\/wp-json\/wp\/v2\/comments?post=515"}],"version-history":[{"count":1,"href":"https:\/\/www.naturheilpraxis-larosa.de\/web\/wp-json\/wp\/v2\/pages\/515\/revisions"}],"predecessor-version":[{"id":601,"href":"https:\/\/www.naturheilpraxis-larosa.de\/web\/wp-json\/wp\/v2\/pages\/515\/revisions\/601"}],"wp:attachment":[{"href":"https:\/\/www.naturheilpraxis-larosa.de\/web\/wp-json\/wp\/v2\/media?parent=515"}],"curies":[{"name":"wp","href":"https:\/\/api.w.org\/{rel}","templated":true}]}}