{"id":509,"date":"2023-02-11T22:17:13","date_gmt":"2023-02-11T21:17:13","guid":{"rendered":"https:\/\/www.naturheilpraxis-larosa.de\/web\/?page_id=509"},"modified":"2023-02-12T10:48:42","modified_gmt":"2023-02-12T09:48:42","slug":"neurostrukturelle-integrationstechnik-nst-2-2-2-2-2","status":"publish","type":"page","link":"https:\/\/www.naturheilpraxis-larosa.de\/web\/neurostrukturelle-integrationstechnik-nst-2-2-2-2-2\/","title":{"rendered":"Pneumatische Pusationstherapie nach DENY_neu"},"content":{"rendered":"\n<p class=\"has-medium-font-size wp-block-paragraph\">Pneumatische Pusationstherapie nach DENY<\/p>\n\n\n\n<div style=\"height:40px\" aria-hidden=\"true\" class=\"wp-block-spacer\"><\/div>\n\n\n<style>#kt-layout-id_224cc3-6d > .kt-row-column-wrap{align-content:start;}:where(#kt-layout-id_224cc3-6d > .kt-row-column-wrap) > .wp-block-kadence-column{justify-content:start;}#kt-layout-id_224cc3-6d > .kt-row-column-wrap{column-gap:var(--global-kb-gap-md, 2rem);row-gap:var(--global-kb-gap-md, 2rem);padding-top:var( --global-kb-row-default-top, 25px );padding-bottom:var( --global-kb-row-default-bottom, 25px );padding-top:var(--global-kb-spacing-sm, 1.5rem);padding-bottom:var(--global-kb-spacing-sm, 1.5rem);grid-template-columns:minmax(0, 1fr);}#kt-layout-id_224cc3-6d{background-image:url('https:\/\/www.naturheilpraxis-larosa.de\/wp-content\/uploads\/2023\/02\/HomepageBanner.jpg');background-size:cover;background-position:55.00000000000001% 64%;background-attachment:fixed;background-repeat:no-repeat;}#kt-layout-id_224cc3-6d > .kt-row-layout-overlay{opacity:0.30;}@media all and (max-width: 1024px), only screen and (min-device-width: 1024px) and (max-device-width: 1366px) and (-webkit-min-device-pixel-ratio: 2) and (hover: none){#kt-layout-id_224cc3-6d{background-attachment:scroll;}}@media all and (max-width: 1024px){#kt-layout-id_224cc3-6d > .kt-row-column-wrap{grid-template-columns:minmax(0, 1fr);}}@media all and (max-width: 767px){#kt-layout-id_224cc3-6d > .kt-row-column-wrap{grid-template-columns:minmax(0, 1fr);}}<\/style>\n<div class=\"wp-block-kadence-rowlayout alignnone\"><div id=\"kt-layout-id_224cc3-6d\" class=\"kt-row-layout-inner kt-row-has-bg kt-layout-id_224cc3-6d kt-jarallax\"><div class=\"kt-row-column-wrap kt-has-1-columns kt-gutter-default kt-v-gutter-default kt-row-valign-top kt-row-layout-equal kt-tab-layout-inherit kt-m-colapse-left-to-right kt-mobile-layout-row\"><style>.kadence-column_6b216d-12 > .kt-inside-inner-col{padding-top:20px;padding-bottom:20px;padding-left:20px;padding-right:20px;}.kadence-column_6b216d-12 > .kt-inside-inner-col{border-top-width:0px;border-right-width:0px;border-bottom-width:0px;border-left-width:0px;}.kadence-column_6b216d-12 > .kt-inside-inner-col,.kadence-column_6b216d-12 > .kt-inside-inner-col:before{border-top-left-radius:0px;border-top-right-radius:0px;border-bottom-right-radius:0px;border-bottom-left-radius:0px;}.kadence-column_6b216d-12 > .kt-inside-inner-col{column-gap:var(--global-kb-gap-sm, 1rem);}.kadence-column_6b216d-12 > .kt-inside-inner-col{flex-direction:column;}.kadence-column_6b216d-12 > .kt-inside-inner-col > .aligncenter{width:100%;}.kadence-column_6b216d-12 > .kt-inside-inner-col{background-color:rgba(255, 255, 255, 0.67);}.kadence-column_6b216d-12 > .kt-inside-inner-col:before{opacity:0.3;}.kadence-column_6b216d-12{position:relative;}@media all and (max-width: 1024px){.kadence-column_6b216d-12 > .kt-inside-inner-col{flex-direction:column;justify-content:center;}}@media all and (max-width: 767px){.kadence-column_6b216d-12 > .kt-inside-inner-col{flex-direction:column;justify-content:center;}}<\/style>\n<div class=\"wp-block-kadence-column inner-column-1 kadence-column_6b216d-12\"><div class=\"kt-inside-inner-col\">\n<p class=\"wp-block-paragraph\"><strong>Die Pneumatische Pulsationstherapie ist eine Art des Schr\u00f6pfens oder aber auch Saugmassage, in der durch pulsierende Wechselwirkung von Unterdruck und atmosph\u00e4rischem Druck das Gewebe in Schwingung gebracht wird.<\/strong><\/p>\n\n\n\n<p class=\"wp-block-paragraph\"><strong>Diese pulsierenden Unterdruckwellen haben eine Wiederholungsfrequenz von ca. 200 Pulsationen pro Minute, die eine Wechselwirkung zwischen Sog und Entspannung erzeugen.<br>Dadurch wird die Flie\u00dfgeschwindigkeit von Blut und Lymphe angeregt.<\/strong><\/p>\n\n\n\n<p class=\"wp-block-paragraph\"><strong>Auf diese Weise kann sich die Blutzirkulation und Sauerstoffversorgung verbessern, die Entgiftung- und Entschlackungsvorg\u00e4nge werden angeregt, das vegetative Nervensystem entspannt und beruhigt sich, der Stoffwechsel wird angeregt und muskul\u00e4re Verspannungen k\u00f6nnen gel\u00f6st werden.<\/strong><\/p>\n<\/div><\/div>\n<\/div><\/div><\/div>\n","protected":false},"excerpt":{"rendered":"<p>Pneumatische Pusationstherapie nach DENY Die Pneumatische Pulsationstherapie ist eine Art des Schr\u00f6pfens oder aber auch Saugmassage, in der durch pulsierende Wechselwirkung von Unterdruck und atmosph\u00e4rischem Druck das Gewebe in Schwingung gebracht wird. Diese pulsierenden Unterdruckwellen haben eine Wiederholungsfrequenz von ca. 200 Pulsationen pro Minute, die eine Wechselwirkung zwischen Sog und Entspannung erzeugen.Dadurch wird die Flie\u00dfgeschwindigkeit [&hellip;]<\/p>\n","protected":false},"author":4,"featured_media":0,"parent":0,"menu_order":0,"comment_status":"closed","ping_status":"closed","template":"","meta":{"_crdt_document":"","site-sidebar-layout":"default","site-content-layout":"","ast-site-content-layout":"default","site-content-style":"default","site-sidebar-style":"default","ast-global-header-display":"","ast-banner-title-visibility":"","ast-main-header-display":"","ast-hfb-above-header-display":"","ast-hfb-below-header-display":"","ast-hfb-mobile-header-display":"","site-post-title":"disabled","ast-breadcrumbs-content":"","ast-featured-img":"","footer-sml-layout":"","ast-disable-related-posts":"","theme-transparent-header-meta":"","adv-header-id-meta":"","stick-header-meta":"","header-above-stick-meta":"","header-main-stick-meta":"","header-below-stick-meta":"","astra-migrate-meta-layouts":"default","ast-page-background-enabled":"default","ast-page-background-meta":{"desktop":{"background-color":"var(--ast-global-color-4)","background-image":"","background-repeat":"repeat","background-position":"center center","background-size":"auto","background-attachment":"scroll","background-type":"","background-media":"","overlay-type":"","overlay-color":"","overlay-opacity":"","overlay-gradient":""},"tablet":{"background-color":"","background-image":"","background-repeat":"repeat","background-position":"center center","background-size":"auto","background-attachment":"scroll","background-type":"","background-media":"","overlay-type":"","overlay-color":"","overlay-opacity":"","overlay-gradient":""},"mobile":{"background-color":"","background-image":"","background-repeat":"repeat","background-position":"center center","background-size":"auto","background-attachment":"scroll","background-type":"","background-media":"","overlay-type":"","overlay-color":"","overlay-opacity":"","overlay-gradient":""}},"ast-content-background-meta":{"desktop":{"background-color":"var(--ast-global-color-5)","background-image":"","background-repeat":"repeat","background-position":"center center","background-size":"auto","background-attachment":"scroll","background-type":"","background-media":"","overlay-type":"","overlay-color":"","overlay-opacity":"","overlay-gradient":""},"tablet":{"background-color":"var(--ast-global-color-5)","background-image":"","background-repeat":"repeat","background-position":"center center","background-size":"auto","background-attachment":"scroll","background-type":"","background-media":"","overlay-type":"","overlay-color":"","overlay-opacity":"","overlay-gradient":""},"mobile":{"background-color":"var(--ast-global-color-5)","background-image":"","background-repeat":"repeat","background-position":"center center","background-size":"auto","background-attachment":"scroll","background-type":"","background-media":"","overlay-type":"","overlay-color":"","overlay-opacity":"","overlay-gradient":""}},"_kadence_starter_templates_imported_post":false,"footnotes":""},"class_list":["post-509","page","type-page","status-publish","hentry"],"_links":{"self":[{"href":"https:\/\/www.naturheilpraxis-larosa.de\/web\/wp-json\/wp\/v2\/pages\/509","targetHints":{"allow":["GET"]}}],"collection":[{"href":"https:\/\/www.naturheilpraxis-larosa.de\/web\/wp-json\/wp\/v2\/pages"}],"about":[{"href":"https:\/\/www.naturheilpraxis-larosa.de\/web\/wp-json\/wp\/v2\/types\/page"}],"author":[{"embeddable":true,"href":"https:\/\/www.naturheilpraxis-larosa.de\/web\/wp-json\/wp\/v2\/users\/4"}],"replies":[{"embeddable":true,"href":"https:\/\/www.naturheilpraxis-larosa.de\/web\/wp-json\/wp\/v2\/comments?post=509"}],"version-history":[{"count":4,"href":"https:\/\/www.naturheilpraxis-larosa.de\/web\/wp-json\/wp\/v2\/pages\/509\/revisions"}],"predecessor-version":[{"id":602,"href":"https:\/\/www.naturheilpraxis-larosa.de\/web\/wp-json\/wp\/v2\/pages\/509\/revisions\/602"}],"wp:attachment":[{"href":"https:\/\/www.naturheilpraxis-larosa.de\/web\/wp-json\/wp\/v2\/media?parent=509"}],"curies":[{"name":"wp","href":"https:\/\/api.w.org\/{rel}","templated":true}]}}