{"id":50,"date":"2018-04-09T17:13:13","date_gmt":"2018-04-09T15:13:13","guid":{"rendered":"http:\/\/www.naturheilpraxis-larosa.de\/web\/?page_id=50"},"modified":"2018-05-11T18:29:20","modified_gmt":"2018-05-11T16:29:20","slug":"kieferbalance","status":"publish","type":"page","link":"https:\/\/www.naturheilpraxis-larosa.de\/web\/kieferbalance\/","title":{"rendered":"Kieferbalance"},"content":{"rendered":"<address><span style=\"font-size: small;\"><span style=\"font-size: small;\">Ein verspanntes Kiefergelenk bringt Probleme und Beschwerden im gesamten Organismus. K\u00f6rperlich sowie geistig und emotional.<\/span><\/span><\/address>\n<address>\u00a0<\/address>\n<address><b>Warum verspannt sich ein Kiefergelenk?<\/b><\/address>\n<address><span style=\"font-size: small;\"><span style=\"font-size: small;\">Bei zu viel Stress und Anspannung, der tags\u00fcber nicht verarbeitet werden kann, versucht der K\u00f6rper nachts, w\u00e4hrend wir schlafen, vieles zu verarbeiten. Dies hat zur Folge, dass wir die Z\u00e4hne<br \/>\nzusammen bei\u00dfen.<\/span><\/span>Das Heimt\u00fcckische am verspannten Kiefergelenk ist, dass es am Anfang nicht schmerzt. Der Schmerz erfolgt erst im fortgeschrittenen Stadium (Kiefergelenkarthrose). M\u00f6gliche Symptome bei Blockaden im Kiefergelenk k\u00f6nnen Sie unter der Neurostrukturellen Integrationstechnik ersehen.Die Kiefergelenk-Entspannungs-Technik die ich Ihnen anbiete, habe ich aus dem Wissen der Akupunkturlehre, Kinesiologie, eine spezielle Technik f\u00fcr ein entspanntes Kiefergelenk und Reiki<br \/>\nzusammengestellt. Sie ist eine energetische Unterst\u00fctzung f\u00fcr das Kiefergelenk, die Sie als Hilfe zur Selbsthilfe erlernen k\u00f6nnen. F\u00fcr eine k\u00f6rperliche Beschwerdefreiheit (wie z.B. R\u00fcckenschmerzen),<br \/>\nreicht oft die Kieferbalance nicht aus, sondern bietet hier nur eine Unterst\u00fctzung. H\u00e4ufig ist eine Kombination mit anderen Therapieverfahren sinnvoll.<\/p>\n<p><b>M\u00f6gliche Therapien zum Kombinieren:<\/b><\/p>\n<\/address>\n<ul>\n<li>\n<address><span style=\"font-size: small;\"> <a href=\"http:\/\/www.naturheilpraxis-larosa.de\/09_cinenische_akupunktur.htm\">Akupunktur<\/a><\/span><\/address>\n<\/li>\n<li>\n<address><span style=\"font-size: small;\"><a href=\"http:\/\/www.naturheilpraxis-larosa.de\/10_gus_sha.htm\">Gua Sha<\/a><\/span><\/address>\n<\/li>\n<li>\n<address><span style=\"font-size: small;\"><a href=\"http:\/\/www.naturheilpraxis-larosa.de\/02_nst.htm\">NST<\/a><\/span><\/address>\n<\/li>\n<li>\n<address><span style=\"font-size: small;\"><a href=\"http:\/\/www.naturheilpraxis-larosa.de\/08_kinesiologie.htm\"> Kinesiologie<\/a><\/span><\/address>\n<\/li>\n<li>\n<address><span style=\"font-size: small;\"><a href=\"http:\/\/www.naturheilpraxis-larosa.de\/07_hypnose.htm\"> l\u00f6sungsorientierte Hypnotherapie<\/a><\/span><\/address>\n<\/li>\n<li>\n<address><span style=\"font-size: small;\">Aufbi\u00dfschiene (Zahnarzt)<br \/>\n<b>Wichtig: <\/b>vor dem Abdruck beim Zahnarzt m\u00fcssen Kiefergelenk und Becken gerade sein <\/span><\/address>\n<\/li>\n<\/ul>\n","protected":false},"excerpt":{"rendered":"<p>Ein verspanntes Kiefergelenk bringt Probleme und Beschwerden im gesamten Organismus. K\u00f6rperlich sowie geistig und emotional. \u00a0 Warum verspannt sich ein Kiefergelenk? Bei zu viel Stress und Anspannung, der tags\u00fcber nicht verarbeitet werden kann, versucht der K\u00f6rper nachts, w\u00e4hrend wir schlafen, vieles zu verarbeiten. Dies hat zur Folge, dass wir die Z\u00e4hne zusammen bei\u00dfen.Das Heimt\u00fcckische am [&hellip;]<\/p>\n","protected":false},"author":1,"featured_media":0,"parent":0,"menu_order":0,"comment_status":"closed","ping_status":"closed","template":"","meta":{"_crdt_document":"","site-sidebar-layout":"default","site-content-layout":"","ast-site-content-layout":"default","site-content-style":"default","site-sidebar-style":"default","ast-global-header-display":"","ast-banner-title-visibility":"","ast-main-header-display":"","ast-hfb-above-header-display":"","ast-hfb-below-header-display":"","ast-hfb-mobile-header-display":"","site-post-title":"","ast-breadcrumbs-content":"","ast-featured-img":"","footer-sml-layout":"","ast-disable-related-posts":"","theme-transparent-header-meta":"","adv-header-id-meta":"","stick-header-meta":"","header-above-stick-meta":"","header-main-stick-meta":"","header-below-stick-meta":"","astra-migrate-meta-layouts":"default","ast-page-background-enabled":"default","ast-page-background-meta":{"desktop":{"background-color":"var(--ast-global-color-4)","background-image":"","background-repeat":"repeat","background-position":"center center","background-size":"auto","background-attachment":"scroll","background-type":"","background-media":"","overlay-type":"","overlay-color":"","overlay-opacity":"","overlay-gradient":""},"tablet":{"background-color":"","background-image":"","background-repeat":"repeat","background-position":"center center","background-size":"auto","background-attachment":"scroll","background-type":"","background-media":"","overlay-type":"","overlay-color":"","overlay-opacity":"","overlay-gradient":""},"mobile":{"background-color":"","background-image":"","background-repeat":"repeat","background-position":"center center","background-size":"auto","background-attachment":"scroll","background-type":"","background-media":"","overlay-type":"","overlay-color":"","overlay-opacity":"","overlay-gradient":""}},"ast-content-background-meta":{"desktop":{"background-color":"var(--ast-global-color-5)","background-image":"","background-repeat":"repeat","background-position":"center center","background-size":"auto","background-attachment":"scroll","background-type":"","background-media":"","overlay-type":"","overlay-color":"","overlay-opacity":"","overlay-gradient":""},"tablet":{"background-color":"var(--ast-global-color-5)","background-image":"","background-repeat":"repeat","background-position":"center center","background-size":"auto","background-attachment":"scroll","background-type":"","background-media":"","overlay-type":"","overlay-color":"","overlay-opacity":"","overlay-gradient":""},"mobile":{"background-color":"var(--ast-global-color-5)","background-image":"","background-repeat":"repeat","background-position":"center center","background-size":"auto","background-attachment":"scroll","background-type":"","background-media":"","overlay-type":"","overlay-color":"","overlay-opacity":"","overlay-gradient":""}},"_kadence_starter_templates_imported_post":false,"footnotes":""},"class_list":["post-50","page","type-page","status-publish","hentry"],"_links":{"self":[{"href":"https:\/\/www.naturheilpraxis-larosa.de\/web\/wp-json\/wp\/v2\/pages\/50","targetHints":{"allow":["GET"]}}],"collection":[{"href":"https:\/\/www.naturheilpraxis-larosa.de\/web\/wp-json\/wp\/v2\/pages"}],"about":[{"href":"https:\/\/www.naturheilpraxis-larosa.de\/web\/wp-json\/wp\/v2\/types\/page"}],"author":[{"embeddable":true,"href":"https:\/\/www.naturheilpraxis-larosa.de\/web\/wp-json\/wp\/v2\/users\/1"}],"replies":[{"embeddable":true,"href":"https:\/\/www.naturheilpraxis-larosa.de\/web\/wp-json\/wp\/v2\/comments?post=50"}],"version-history":[{"count":3,"href":"https:\/\/www.naturheilpraxis-larosa.de\/web\/wp-json\/wp\/v2\/pages\/50\/revisions"}],"predecessor-version":[{"id":224,"href":"https:\/\/www.naturheilpraxis-larosa.de\/web\/wp-json\/wp\/v2\/pages\/50\/revisions\/224"}],"wp:attachment":[{"href":"https:\/\/www.naturheilpraxis-larosa.de\/web\/wp-json\/wp\/v2\/media?parent=50"}],"curies":[{"name":"wp","href":"https:\/\/api.w.org\/{rel}","templated":true}]}}