{"id":5,"date":"2018-04-09T16:30:38","date_gmt":"2018-04-09T14:30:38","guid":{"rendered":"http:\/\/www.naturheilpraxis-larosa.de\/?page_id=5"},"modified":"2018-10-10T18:57:04","modified_gmt":"2018-10-10T16:57:04","slug":"ueber-mich","status":"publish","type":"page","link":"https:\/\/www.naturheilpraxis-larosa.de\/web\/ueber-mich\/","title":{"rendered":"\u00dcber mich"},"content":{"rendered":"<p align=\"left\"><span style=\"font-size: small;\"> <b>Loredana Marullo\u00a0 La Rosa<br \/>\n<\/b><\/span>Am 28.01.1972 in Gro\u00df-Gerau geboren war es schon als Kinde mein Traum, kranken Menschen aktiv und effektiv zu helfen.<br \/>\nDurch meine Eltern fand ich schon fr\u00fch den Kontakt zu alternativen Heilmethoden und es stand seither f\u00fcr mich fest:<\/p>\n<p><b>Heilpraktikerin &#8211; meine Berufung!<\/b><br \/>\nNach meinem Abitur 1991, entschied ich mich f\u00fcr eine Ausbildung zur Krankenschwester. Nach bestandenem Examen 1994, sammelte ich verschiedene internistische Erfahrungen. Seit 1999 arbeite ich im Krankenhaus Gro\u00df-Gerau als Fachkraft f\u00fcr k\u00fcnstliche enterale Ern\u00e4hrung.<\/p>\n<p><b>Meine Aus- und Weiterbildungen:<\/b><\/p>\n<ul>\n<li>\n<p align=\"left\">1994 \u2013 1997 Heilpraktiker \u2013 Ausbildung<\/p>\n<\/li>\n<li>\n<p align=\"left\">1997 \u2013 1998 Fu\u00dfreflexzonentherapie nach (und bei) Hanne Marquardt<\/p>\n<\/li>\n<li>\n<p align=\"left\">1998 \u2013 2000 Akupunkturausbildung beim chin. Prof. Dr. Heping Yuan<\/p>\n<\/li>\n<li>\n<p align=\"left\">2000 Praktikum in China<\/p>\n<\/li>\n<li>\n<p align=\"left\">1999 \u2013 2002 N.S.T. Ausbildung<\/p>\n<\/li>\n<li>\n<p align=\"left\">2002 \u2013 2003 Babypause<\/p>\n<\/li>\n<li>\n<p align=\"left\">2004 N.S.T. Health plus, Irisdiagnose<\/p>\n<\/li>\n<li>\n<p align=\"left\">2005 Gelenk- und Wirbeltherapie nach Dorn, Kinergetics, R.E.S.E.T<\/p>\n<\/li>\n<li>\n<p align=\"left\">2005 \u2013 2009 Kinesiologie Ausbildung &#8211; ICPKP<\/p>\n<\/li>\n<li>\n<p align=\"left\">2005 Reiki-Lehrerin<\/p>\n<\/li>\n<li>\n<p align=\"left\">2007 \u2013 2008 Cranio Sacral Therapie<\/p>\n<\/li>\n<li>\n<p align=\"left\">2007 Jikiden Reiki<\/p>\n<\/li>\n<li>\n<p align=\"left\">2007 Dorn-Hock-Methode<\/p>\n<\/li>\n<li>\n<p align=\"left\">2008 Dynamische Wirbels\u00e4ulentherapie nach Popp<\/p>\n<\/li>\n<li>\n<p align=\"left\">2010 &#8211; 2011 l\u00f6sungsorientierte selbstorganisatorische Hypnotherapie<\/p>\n<\/li>\n<li>\n<p align=\"left\">2011 &#8211; 2012 medizinische und psychotherapeutische Hypnotherapie<\/p>\n<\/li>\n<\/ul>\n<p align=\"left\"><b>Behandlungsschwerpunkte in meiner Praxis:<\/b><\/p>\n<ul>\n<li>\n<p align=\"left\">Neurostrukturelle Integrationstechnik \u2013 N.S.T.<\/p>\n<\/li>\n<li>\n<p align=\"left\">Cranio Sacral Therapie<\/p>\n<\/li>\n<li>Bioresonanztherapie<\/li>\n<li>\n<p align=\"left\">Dorn-Hock-Popp-Methode<\/p>\n<\/li>\n<li>\n<p align=\"left\">Fu\u00dfreflexzonentherapie nach Hanne Marquardt<\/p>\n<\/li>\n<li>\n<p align=\"left\">Moxa, <span style=\"font-size: small;\"> Gua Sha <\/span><\/p>\n<\/li>\n<li>\n<p align=\"left\">Laserakupunktur, Farblicht-Therapie<\/p>\n<\/li>\n<li>\n<p align=\"left\">Kinesiologie<\/p>\n<\/li>\n<li>\n<p align=\"left\">Kieferbalance<\/p>\n<\/li>\n<li>\n<p align=\"left\">L\u00f6sungsorientierte selbstorganisatorische Hypnotherapie<\/p>\n<\/li>\n<li>\n<p align=\"left\">PPN nach Deny<\/p>\n<\/li>\n<li>\n<p align=\"left\">Therapie mit Hom\u00f6opathie, Bachbl\u00fcten<\/p>\n<\/li>\n<\/ul>\n<p align=\"left\"><b>Heilpraktiker und \u00c4rzte:<\/b><br \/>\nMeine Erfahrung als Heilpraktikerin hat gezeigt, dass es auch hier Grenzen gibt. Dabei ist wichtig, diese Grenzen zu erkennen und den zu Behandelnden an entsprechende \u00c4rzte, z.B. f\u00fcr eine weitere klinische Diagnostik, zu \u00fcberweisen. Die R\u00fccksprache mit dem entsprechenden Arzt ist selbstverst\u00e4ndlich.<\/p>\n","protected":false},"excerpt":{"rendered":"<p>Loredana Marullo\u00a0 La Rosa Am 28.01.1972 in Gro\u00df-Gerau geboren war es schon als Kinde mein Traum, kranken Menschen aktiv und effektiv zu helfen. Durch meine Eltern fand ich schon fr\u00fch den Kontakt zu alternativen Heilmethoden und es stand seither f\u00fcr mich fest: Heilpraktikerin &#8211; meine Berufung! Nach meinem Abitur 1991, entschied ich mich f\u00fcr eine [&hellip;]<\/p>\n","protected":false},"author":1,"featured_media":0,"parent":0,"menu_order":0,"comment_status":"closed","ping_status":"closed","template":"","meta":{"_crdt_document":"","site-sidebar-layout":"default","site-content-layout":"","ast-site-content-layout":"default","site-content-style":"default","site-sidebar-style":"default","ast-global-header-display":"","ast-banner-title-visibility":"","ast-main-header-display":"","ast-hfb-above-header-display":"","ast-hfb-below-header-display":"","ast-hfb-mobile-header-display":"","site-post-title":"","ast-breadcrumbs-content":"","ast-featured-img":"","footer-sml-layout":"","ast-disable-related-posts":"","theme-transparent-header-meta":"","adv-header-id-meta":"","stick-header-meta":"","header-above-stick-meta":"","header-main-stick-meta":"","header-below-stick-meta":"","astra-migrate-meta-layouts":"default","ast-page-background-enabled":"default","ast-page-background-meta":{"desktop":{"background-color":"var(--ast-global-color-4)","background-image":"","background-repeat":"repeat","background-position":"center center","background-size":"auto","background-attachment":"scroll","background-type":"","background-media":"","overlay-type":"","overlay-color":"","overlay-opacity":"","overlay-gradient":""},"tablet":{"background-color":"","background-image":"","background-repeat":"repeat","background-position":"center center","background-size":"auto","background-attachment":"scroll","background-type":"","background-media":"","overlay-type":"","overlay-color":"","overlay-opacity":"","overlay-gradient":""},"mobile":{"background-color":"","background-image":"","background-repeat":"repeat","background-position":"center center","background-size":"auto","background-attachment":"scroll","background-type":"","background-media":"","overlay-type":"","overlay-color":"","overlay-opacity":"","overlay-gradient":""}},"ast-content-background-meta":{"desktop":{"background-color":"var(--ast-global-color-5)","background-image":"","background-repeat":"repeat","background-position":"center center","background-size":"auto","background-attachment":"scroll","background-type":"","background-media":"","overlay-type":"","overlay-color":"","overlay-opacity":"","overlay-gradient":""},"tablet":{"background-color":"var(--ast-global-color-5)","background-image":"","background-repeat":"repeat","background-position":"center center","background-size":"auto","background-attachment":"scroll","background-type":"","background-media":"","overlay-type":"","overlay-color":"","overlay-opacity":"","overlay-gradient":""},"mobile":{"background-color":"var(--ast-global-color-5)","background-image":"","background-repeat":"repeat","background-position":"center center","background-size":"auto","background-attachment":"scroll","background-type":"","background-media":"","overlay-type":"","overlay-color":"","overlay-opacity":"","overlay-gradient":""}},"_kadence_starter_templates_imported_post":false,"footnotes":""},"class_list":["post-5","page","type-page","status-publish","hentry"],"_links":{"self":[{"href":"https:\/\/www.naturheilpraxis-larosa.de\/web\/wp-json\/wp\/v2\/pages\/5","targetHints":{"allow":["GET"]}}],"collection":[{"href":"https:\/\/www.naturheilpraxis-larosa.de\/web\/wp-json\/wp\/v2\/pages"}],"about":[{"href":"https:\/\/www.naturheilpraxis-larosa.de\/web\/wp-json\/wp\/v2\/types\/page"}],"author":[{"embeddable":true,"href":"https:\/\/www.naturheilpraxis-larosa.de\/web\/wp-json\/wp\/v2\/users\/1"}],"replies":[{"embeddable":true,"href":"https:\/\/www.naturheilpraxis-larosa.de\/web\/wp-json\/wp\/v2\/comments?post=5"}],"version-history":[{"count":6,"href":"https:\/\/www.naturheilpraxis-larosa.de\/web\/wp-json\/wp\/v2\/pages\/5\/revisions"}],"predecessor-version":[{"id":274,"href":"https:\/\/www.naturheilpraxis-larosa.de\/web\/wp-json\/wp\/v2\/pages\/5\/revisions\/274"}],"wp:attachment":[{"href":"https:\/\/www.naturheilpraxis-larosa.de\/web\/wp-json\/wp\/v2\/media?parent=5"}],"curies":[{"name":"wp","href":"https:\/\/api.w.org\/{rel}","templated":true}]}}