{"id":493,"date":"2023-02-11T21:51:41","date_gmt":"2023-02-11T20:51:41","guid":{"rendered":"https:\/\/www.naturheilpraxis-larosa.de\/web\/?page_id=493"},"modified":"2023-02-12T10:36:38","modified_gmt":"2023-02-12T09:36:38","slug":"neurostrukturelle-integrationstechnik-nst-2-2","status":"publish","type":"page","link":"https:\/\/www.naturheilpraxis-larosa.de\/web\/neurostrukturelle-integrationstechnik-nst-2-2\/","title":{"rendered":"Cranio Sacral Therapie_ neu"},"content":{"rendered":"\n<p class=\"wp-block-paragraph\"><strong>Cranio Sacral Therapie<\/strong><\/p>\n\n\n\n<div style=\"height:40px\" aria-hidden=\"true\" class=\"wp-block-spacer\"><\/div>\n\n\n<style>#kt-layout-id_224cc3-6d > .kt-row-column-wrap{align-content:start;}:where(#kt-layout-id_224cc3-6d > .kt-row-column-wrap) > .wp-block-kadence-column{justify-content:start;}#kt-layout-id_224cc3-6d > .kt-row-column-wrap{column-gap:var(--global-kb-gap-md, 2rem);row-gap:var(--global-kb-gap-md, 2rem);padding-top:var( --global-kb-row-default-top, 25px );padding-bottom:var( --global-kb-row-default-bottom, 25px );padding-top:var(--global-kb-spacing-sm, 1.5rem);padding-bottom:var(--global-kb-spacing-sm, 1.5rem);grid-template-columns:minmax(0, 1fr);}#kt-layout-id_224cc3-6d{background-image:url('https:\/\/www.naturheilpraxis-larosa.de\/wp-content\/uploads\/2023\/02\/HomepageBanner.jpg');background-size:cover;background-position:55.00000000000001% 64%;background-attachment:fixed;background-repeat:no-repeat;}#kt-layout-id_224cc3-6d > .kt-row-layout-overlay{opacity:0.30;}@media all and (max-width: 1024px), only screen and (min-device-width: 1024px) and (max-device-width: 1366px) and (-webkit-min-device-pixel-ratio: 2) and (hover: none){#kt-layout-id_224cc3-6d{background-attachment:scroll;}}@media all and (max-width: 1024px){#kt-layout-id_224cc3-6d > .kt-row-column-wrap{grid-template-columns:minmax(0, 1fr);}}@media all and (max-width: 767px){#kt-layout-id_224cc3-6d > .kt-row-column-wrap{grid-template-columns:minmax(0, 1fr);}}<\/style>\n<div class=\"wp-block-kadence-rowlayout alignnone\"><div id=\"kt-layout-id_224cc3-6d\" class=\"kt-row-layout-inner kt-row-has-bg kt-layout-id_224cc3-6d kt-jarallax\"><div class=\"kt-row-column-wrap kt-has-1-columns kt-gutter-default kt-v-gutter-default kt-row-valign-top kt-row-layout-equal kt-tab-layout-inherit kt-m-colapse-left-to-right kt-mobile-layout-row\"><style>.kadence-column_6b216d-12 > .kt-inside-inner-col{padding-top:20px;padding-bottom:20px;padding-left:20px;padding-right:20px;}.kadence-column_6b216d-12 > .kt-inside-inner-col{border-top-width:0px;border-right-width:0px;border-bottom-width:0px;border-left-width:0px;}.kadence-column_6b216d-12 > .kt-inside-inner-col,.kadence-column_6b216d-12 > .kt-inside-inner-col:before{border-top-left-radius:0px;border-top-right-radius:0px;border-bottom-right-radius:0px;border-bottom-left-radius:0px;}.kadence-column_6b216d-12 > .kt-inside-inner-col{column-gap:var(--global-kb-gap-sm, 1rem);}.kadence-column_6b216d-12 > .kt-inside-inner-col{flex-direction:column;}.kadence-column_6b216d-12 > .kt-inside-inner-col > .aligncenter{width:100%;}.kadence-column_6b216d-12 > .kt-inside-inner-col{background-color:rgba(255, 255, 255, 0.67);}.kadence-column_6b216d-12 > .kt-inside-inner-col:before{opacity:0.3;}.kadence-column_6b216d-12{position:relative;}@media all and (max-width: 1024px){.kadence-column_6b216d-12 > .kt-inside-inner-col{flex-direction:column;justify-content:center;}}@media all and (max-width: 767px){.kadence-column_6b216d-12 > .kt-inside-inner-col{flex-direction:column;justify-content:center;}}<\/style>\n<div class=\"wp-block-kadence-column inner-column-1 kadence-column_6b216d-12\"><div class=\"kt-inside-inner-col\">\n<p class=\"wp-block-paragraph\"><strong>Die H\u00e4nde sind bei der Cranio Sacral Therapie das wichtigste Instrument des Therapeuten. Die Therapie ist eine ganzheitliche manuelle Behandlungsmethode, bei der durch sanfte Ber\u00fchrungen des Therapeuten Blockaden und Funktionsst\u00f6rungen des K\u00f6rpers und der Seele gel\u00f6st und korrigiert werden k\u00f6nnen.<\/strong><\/p>\n\n\n\n<p class=\"wp-block-paragraph\"><strong>Der Name der Cranio Sacral Therapie ist von den beteiligten Knochen abgeleitet. Dieses sind der Sch\u00e4del (Cranium) und die Wirbels\u00e4ule bis zum Kreuzbein (Sacrum). Durch die Behandlung werden die k\u00f6rpereigenen Selbstheilungskr\u00e4fte aktiviert und unterst\u00fctzt. Dies geschieht durch die Hirn- und R\u00fcckenmarksfl\u00fcssigkeit (Liquor), in der sich ein sogenannter Rhythmus befindet. Dieser eigenst\u00e4ndiger \u201eCranio Sacral\u201c Rhythmus \u00fcbertr\u00e4gt sich auf alle Knochen und Organe in unserem K\u00f6rper.<\/strong><\/p>\n\n\n\n<p class=\"wp-block-paragraph\"><strong>Der Fokus der Cranio Sacral Therapie liegt auf der Beeinflussung der rhythmischen Bewegungen dieser Fl\u00fcssigkeit, die unser zentrale Nervensystem umflie\u00dft. Durch den Kontakt auf Knochen, Muskeln und Bindegewebe kann die Cranio Sacral Therapie Muskel- und Geweberestriktionen (Einschr\u00e4nkung) entspannen und dadurch schmerzlindernd wirken.<\/strong><\/p>\n\n\n\n<p class=\"wp-block-paragraph\"><strong>Hierdurch werden wir wieder in ein gesundes Gleichwicht gebracht, welches uns hilft, unseren Alltag besser bew\u00e4ltigen zu k\u00f6nnen.<\/strong><\/p>\n\n\n\n<p class=\"wp-block-paragraph\"><strong>Spezielle lokale Probleme und Beschwerden werden aufgesp\u00fcrt und nachhaltig beseitigt.<\/strong><\/p>\n\n\n\n<p class=\"wp-block-paragraph\"><strong>Cranio Sacrale Therapie hat sich nicht nur bei Erwachsenen bew\u00e4hrt, sondern auch bei Kindern und Schwangeren.<\/strong><\/p>\n\n\n\n<p class=\"wp-block-paragraph\"><strong>M\u00f6gliche Indikationen sind:<\/strong><\/p>\n\n\n\n<ul class=\"wp-block-list\">\n<li><strong>R\u00fcckenbeschwerden<\/strong><\/li>\n\n\n\n<li><strong>Schwindel<\/strong><\/li>\n\n\n\n<li><strong>Kopfschmerzen und Migr\u00e4ne<\/strong><\/li>\n\n\n\n<li><strong>Z\u00e4hneknirschen und Kiefergelenksbeschwerden<\/strong><\/li>\n\n\n\n<li><strong>Spangentr\u00e4ger<\/strong><\/li>\n\n\n\n<li><strong>Zahnungsbeschwerden<\/strong><\/li>\n\n\n\n<li><strong>Tinnitus<\/strong><\/li>\n\n\n\n<li><strong>Bluthochdruck<\/strong><\/li>\n\n\n\n<li><strong>Ersch\u00f6pfungszust\u00e4nde<\/strong><\/li>\n\n\n\n<li><strong>Schlafst\u00f6rungen<\/strong><\/li>\n\n\n\n<li><strong>Konzentrationsst\u00f6rung<\/strong><\/li>\n\n\n\n<li><strong>Geburtstrauma<\/strong><\/li>\n\n\n\n<li><strong>u.a.<\/strong><\/li>\n<\/ul>\n<\/div><\/div>\n<\/div><\/div><\/div>\n","protected":false},"excerpt":{"rendered":"<p>Cranio Sacral Therapie Die H\u00e4nde sind bei der Cranio Sacral Therapie das wichtigste Instrument des Therapeuten. Die Therapie ist eine ganzheitliche manuelle Behandlungsmethode, bei der durch sanfte Ber\u00fchrungen des Therapeuten Blockaden und Funktionsst\u00f6rungen des K\u00f6rpers und der Seele gel\u00f6st und korrigiert werden k\u00f6nnen. Der Name der Cranio Sacral Therapie ist von den beteiligten Knochen abgeleitet. [&hellip;]<\/p>\n","protected":false},"author":4,"featured_media":0,"parent":0,"menu_order":0,"comment_status":"closed","ping_status":"closed","template":"","meta":{"_crdt_document":"","site-sidebar-layout":"default","site-content-layout":"","ast-site-content-layout":"default","site-content-style":"default","site-sidebar-style":"default","ast-global-header-display":"","ast-banner-title-visibility":"","ast-main-header-display":"","ast-hfb-above-header-display":"","ast-hfb-below-header-display":"","ast-hfb-mobile-header-display":"","site-post-title":"disabled","ast-breadcrumbs-content":"","ast-featured-img":"","footer-sml-layout":"","ast-disable-related-posts":"","theme-transparent-header-meta":"","adv-header-id-meta":"","stick-header-meta":"","header-above-stick-meta":"","header-main-stick-meta":"","header-below-stick-meta":"","astra-migrate-meta-layouts":"default","ast-page-background-enabled":"default","ast-page-background-meta":{"desktop":{"background-color":"var(--ast-global-color-4)","background-image":"","background-repeat":"repeat","background-position":"center center","background-size":"auto","background-attachment":"scroll","background-type":"","background-media":"","overlay-type":"","overlay-color":"","overlay-opacity":"","overlay-gradient":""},"tablet":{"background-color":"","background-image":"","background-repeat":"repeat","background-position":"center center","background-size":"auto","background-attachment":"scroll","background-type":"","background-media":"","overlay-type":"","overlay-color":"","overlay-opacity":"","overlay-gradient":""},"mobile":{"background-color":"","background-image":"","background-repeat":"repeat","background-position":"center center","background-size":"auto","background-attachment":"scroll","background-type":"","background-media":"","overlay-type":"","overlay-color":"","overlay-opacity":"","overlay-gradient":""}},"ast-content-background-meta":{"desktop":{"background-color":"var(--ast-global-color-5)","background-image":"","background-repeat":"repeat","background-position":"center center","background-size":"auto","background-attachment":"scroll","background-type":"","background-media":"","overlay-type":"","overlay-color":"","overlay-opacity":"","overlay-gradient":""},"tablet":{"background-color":"var(--ast-global-color-5)","background-image":"","background-repeat":"repeat","background-position":"center center","background-size":"auto","background-attachment":"scroll","background-type":"","background-media":"","overlay-type":"","overlay-color":"","overlay-opacity":"","overlay-gradient":""},"mobile":{"background-color":"var(--ast-global-color-5)","background-image":"","background-repeat":"repeat","background-position":"center center","background-size":"auto","background-attachment":"scroll","background-type":"","background-media":"","overlay-type":"","overlay-color":"","overlay-opacity":"","overlay-gradient":""}},"_kadence_starter_templates_imported_post":false,"footnotes":""},"class_list":["post-493","page","type-page","status-publish","hentry"],"_links":{"self":[{"href":"https:\/\/www.naturheilpraxis-larosa.de\/web\/wp-json\/wp\/v2\/pages\/493","targetHints":{"allow":["GET"]}}],"collection":[{"href":"https:\/\/www.naturheilpraxis-larosa.de\/web\/wp-json\/wp\/v2\/pages"}],"about":[{"href":"https:\/\/www.naturheilpraxis-larosa.de\/web\/wp-json\/wp\/v2\/types\/page"}],"author":[{"embeddable":true,"href":"https:\/\/www.naturheilpraxis-larosa.de\/web\/wp-json\/wp\/v2\/users\/4"}],"replies":[{"embeddable":true,"href":"https:\/\/www.naturheilpraxis-larosa.de\/web\/wp-json\/wp\/v2\/comments?post=493"}],"version-history":[{"count":4,"href":"https:\/\/www.naturheilpraxis-larosa.de\/web\/wp-json\/wp\/v2\/pages\/493\/revisions"}],"predecessor-version":[{"id":598,"href":"https:\/\/www.naturheilpraxis-larosa.de\/web\/wp-json\/wp\/v2\/pages\/493\/revisions\/598"}],"wp:attachment":[{"href":"https:\/\/www.naturheilpraxis-larosa.de\/web\/wp-json\/wp\/v2\/media?parent=493"}],"curies":[{"name":"wp","href":"https:\/\/api.w.org\/{rel}","templated":true}]}}