{"id":48,"date":"2018-04-09T17:12:05","date_gmt":"2018-04-09T15:12:05","guid":{"rendered":"http:\/\/www.naturheilpraxis-larosa.de\/web\/?page_id=48"},"modified":"2018-04-09T17:12:05","modified_gmt":"2018-04-09T15:12:05","slug":"dorn-hock-methode","status":"publish","type":"page","link":"https:\/\/www.naturheilpraxis-larosa.de\/web\/dorn-hock-methode\/","title":{"rendered":"Dorn-Hock-Methode"},"content":{"rendered":"<p>Dieter <b>Dorn<\/b> entwickelte eine Methode, mit der Wirbel und Gelenke unter dynamischen Bewegungen therapiert werden k\u00f6nnen. Dabei konzentriert er sich auf das l\u00e4ngere Bein, da er davon ausgeht, dass der Femurkopf (Oberschenkelkopf ) bis zu 5 cm aus der H\u00fcftpfanne luxiert (herausrutscht).<\/p>\n<p>Burkhard <b>Hock<\/b>, ein Chiropraktiker hingegen, ist durch seine Anatomie-Kenntnisse allerdings nicht dieser Meinung und hat in Zusammenarbeit mit einem Radiologen viele Patienten mit einer<br \/>\nBeinl\u00e4ngendifferenz ger\u00f6ntgt. Keiner dieser vielen Patienten hatte einen luxierten Femurkopf (herausgerutschten<br \/>\nOberschenkelkopf). So konnte er nachweisen, dass die Ursache vieler Beinl\u00e4ngendifferenzen das blockierte ISG-Gelenk (Gelenk zwischen Darmbein und Kreuzbein) ist. Dabei kann es sich sowohl um das k\u00fcrzere als auch um das l\u00e4ngere Bein handeln. Mittels gezielter Estverfahren wird hier bestimmt, welche Seite blockiert ist.<\/p>\n<p>Burkhard Hock verfeinerte die Methode seines Kollegen, Dieter Dorn so, dass daraus die <b>Dorn-Hock-Methode <\/b> entstand. Bei der Dorn-Hock-Methode wird die blockierte ISG Seite und seine dadurch hervorgerufene Drehrichtung des H\u00fcftbeins diagnostiziert und gezielt manuell behandelt. Durch diese<br \/>\nMethode wird nicht nur das ISG und H\u00fcftbein sondern auch verdrehte Wirbel sowie ein verdrehtes Kreuzbein korrigiert. Weiterhin werden Zehen-, Sprung-, Knie-, H\u00fcft-, Finger-,<br \/>\nHand-, Ellbogen- und Schultergelenke eingerichtet und somit Beckenschiefst\u00e4nden aufgel\u00f6st.<\/p>\n<p>Ziel der dynamischen Wirbels\u00e4ulentherapie nach <b>Popp<\/b> ist, anhand dynamischer Bewegungen, Verspannungen am Muskel und Becken, sowie Wirbelfehlstellungen sanft wieder ins Gleichgewicht zu bringen.<\/p>\n","protected":false},"excerpt":{"rendered":"<p>Dieter Dorn entwickelte eine Methode, mit der Wirbel und Gelenke unter dynamischen Bewegungen therapiert werden k\u00f6nnen. Dabei konzentriert er sich auf das l\u00e4ngere Bein, da er davon ausgeht, dass der Femurkopf (Oberschenkelkopf ) bis zu 5 cm aus der H\u00fcftpfanne luxiert (herausrutscht). Burkhard Hock, ein Chiropraktiker hingegen, ist durch seine Anatomie-Kenntnisse allerdings nicht dieser Meinung [&hellip;]<\/p>\n","protected":false},"author":1,"featured_media":0,"parent":0,"menu_order":0,"comment_status":"closed","ping_status":"closed","template":"","meta":{"_crdt_document":"","site-sidebar-layout":"default","site-content-layout":"","ast-site-content-layout":"default","site-content-style":"default","site-sidebar-style":"default","ast-global-header-display":"","ast-banner-title-visibility":"","ast-main-header-display":"","ast-hfb-above-header-display":"","ast-hfb-below-header-display":"","ast-hfb-mobile-header-display":"","site-post-title":"","ast-breadcrumbs-content":"","ast-featured-img":"","footer-sml-layout":"","ast-disable-related-posts":"","theme-transparent-header-meta":"","adv-header-id-meta":"","stick-header-meta":"","header-above-stick-meta":"","header-main-stick-meta":"","header-below-stick-meta":"","astra-migrate-meta-layouts":"default","ast-page-background-enabled":"default","ast-page-background-meta":{"desktop":{"background-color":"var(--ast-global-color-4)","background-image":"","background-repeat":"repeat","background-position":"center center","background-size":"auto","background-attachment":"scroll","background-type":"","background-media":"","overlay-type":"","overlay-color":"","overlay-opacity":"","overlay-gradient":""},"tablet":{"background-color":"","background-image":"","background-repeat":"repeat","background-position":"center center","background-size":"auto","background-attachment":"scroll","background-type":"","background-media":"","overlay-type":"","overlay-color":"","overlay-opacity":"","overlay-gradient":""},"mobile":{"background-color":"","background-image":"","background-repeat":"repeat","background-position":"center center","background-size":"auto","background-attachment":"scroll","background-type":"","background-media":"","overlay-type":"","overlay-color":"","overlay-opacity":"","overlay-gradient":""}},"ast-content-background-meta":{"desktop":{"background-color":"var(--ast-global-color-5)","background-image":"","background-repeat":"repeat","background-position":"center center","background-size":"auto","background-attachment":"scroll","background-type":"","background-media":"","overlay-type":"","overlay-color":"","overlay-opacity":"","overlay-gradient":""},"tablet":{"background-color":"var(--ast-global-color-5)","background-image":"","background-repeat":"repeat","background-position":"center center","background-size":"auto","background-attachment":"scroll","background-type":"","background-media":"","overlay-type":"","overlay-color":"","overlay-opacity":"","overlay-gradient":""},"mobile":{"background-color":"var(--ast-global-color-5)","background-image":"","background-repeat":"repeat","background-position":"center center","background-size":"auto","background-attachment":"scroll","background-type":"","background-media":"","overlay-type":"","overlay-color":"","overlay-opacity":"","overlay-gradient":""}},"_kadence_starter_templates_imported_post":false,"footnotes":""},"class_list":["post-48","page","type-page","status-publish","hentry"],"_links":{"self":[{"href":"https:\/\/www.naturheilpraxis-larosa.de\/web\/wp-json\/wp\/v2\/pages\/48","targetHints":{"allow":["GET"]}}],"collection":[{"href":"https:\/\/www.naturheilpraxis-larosa.de\/web\/wp-json\/wp\/v2\/pages"}],"about":[{"href":"https:\/\/www.naturheilpraxis-larosa.de\/web\/wp-json\/wp\/v2\/types\/page"}],"author":[{"embeddable":true,"href":"https:\/\/www.naturheilpraxis-larosa.de\/web\/wp-json\/wp\/v2\/users\/1"}],"replies":[{"embeddable":true,"href":"https:\/\/www.naturheilpraxis-larosa.de\/web\/wp-json\/wp\/v2\/comments?post=48"}],"version-history":[{"count":1,"href":"https:\/\/www.naturheilpraxis-larosa.de\/web\/wp-json\/wp\/v2\/pages\/48\/revisions"}],"predecessor-version":[{"id":49,"href":"https:\/\/www.naturheilpraxis-larosa.de\/web\/wp-json\/wp\/v2\/pages\/48\/revisions\/49"}],"wp:attachment":[{"href":"https:\/\/www.naturheilpraxis-larosa.de\/web\/wp-json\/wp\/v2\/media?parent=48"}],"curies":[{"name":"wp","href":"https:\/\/api.w.org\/{rel}","templated":true}]}}